{"id":356,"date":"2024-04-29T07:51:20","date_gmt":"2024-04-29T07:51:20","guid":{"rendered":"http:\/\/fundedtop.loc\/?page_id=356"},"modified":"2024-08-08T11:41:01","modified_gmt":"2024-08-08T11:41:01","slug":"refund-policy","status":"publish","type":"page","link":"https:\/\/fundedtop.com\/de\/refund-policy\/","title":{"rendered":"R\u00fcckerstattungsrichtlinie"},"content":{"rendered":"<section class=\"container py-5\">\n<h1 class=\"text-center fs-48\" style=\"margin-bottom: 40px;\"><font style=\"vertical-align: inherit;\"><font style=\"vertical-align: inherit;\"><br \/>\n                    R\u00fcckerstattungsrichtlinie von FundedTop<\/font><\/font><br \/>\n                <\/h1>\n<h3><strong><font style=\"vertical-align: inherit;\"><\/font><\/strong><br \/><font style=\"vertical-align: inherit;\"><font style=\"vertical-align: inherit;\"><br \/>\nStornierungsfrist<\/font><\/font><\/h3>\n<p class=\"gray-text\"><font style=\"vertical-align: inherit;\"><font style=\"vertical-align: inherit;\">Der Nutzer hat das Recht, die bestellten Dienste, insbesondere die \u201eFundedTop Trading Evaluation\u201c, innerhalb von 14 Tagen nach dem Erwerb der Dienste zu widerrufen. Diese Widerrufsfrist beginnt mit dem Kaufdatum und endet am 14. Tag nach dem Kaufdatum.<\/font><\/font><\/p>\n<p><font style=\"vertical-align: inherit;\"><font style=\"vertical-align: inherit;\">&zwj;<\/font><\/font><\/p>\n<h3><strong><font style=\"vertical-align: inherit;\"><font style=\"vertical-align: inherit;\">Anspruch auf <\/font><\/font><\/strong><br \/><font style=\"vertical-align: inherit;\"><font style=\"vertical-align: inherit;\"><br \/>\nR\u00fcckerstattung<\/font><\/font><\/h3>\n<p class=\"gray-text\"><font style=\"vertical-align: inherit;\"><font style=\"vertical-align: inherit;\">Um w\u00e4hrend der 14-t\u00e4gigen Widerrufsfrist Anspruch auf eine R\u00fcckerstattung zu haben, darf der Benutzer die Nutzung der Dienste nicht durch das \u00d6ffnen von Bestellungen auf dem Testkonto eingeleitet haben. Wenn der Benutzer die Nutzung der Dienste bereits eingeleitet hat, gilt diese R\u00fcckerstattungsrichtlinie nicht mehr und es werden keine R\u00fcckerstattungen gew\u00e4hrt.<\/font><\/font><\/p>\n<p><font style=\"vertical-align: inherit;\"><font style=\"vertical-align: inherit;\">&zwj;<\/font><\/font><\/p>\n<h3><strong><font style=\"vertical-align: inherit;\"><\/font><br \/><font style=\"vertical-align: inherit;\"><\/font><\/strong><font style=\"vertical-align: inherit;\"><font style=\"vertical-align: inherit;\">R\u00fcckerstattung<\/font><strong><font style=\"vertical-align: inherit;\"><br \/>\n<\/font><\/strong><strong><font style=\"vertical-align: inherit;\"> beantragen<\/font><\/strong><\/font><\/h3>\n<p class=\"gray-text\"><font style=\"vertical-align: inherit;\"><font style=\"vertical-align: inherit;\">Um innerhalb der angegebenen Stornierungsfrist eine R\u00fcckerstattung zu beantragen, muss der Benutzer unser Kundensupportteam unter support@FundedTop.com kontaktieren und die folgenden Informationen angeben:<\/font><\/font><\/p>\n<p><font style=\"vertical-align: inherit;\"><font style=\"vertical-align: inherit;\">&zwj;<\/font><\/font><\/p>\n<ul role=\"list\">\n<li class=\"gray-text\"><font style=\"vertical-align: inherit;\"><font style=\"vertical-align: inherit;\">Vollst\u00e4ndiger Name<\/font><\/font><\/li>\n<li class=\"gray-text\"><font style=\"vertical-align: inherit;\"><font style=\"vertical-align: inherit;\">Accountnummer<\/font><\/font><\/li>\n<li class=\"gray-text\"><font style=\"vertical-align: inherit;\"><font style=\"vertical-align: inherit;\">Kaufdatum<\/font><\/font><\/li>\n<li class=\"gray-text\"><font style=\"vertical-align: inherit;\"><font style=\"vertical-align: inherit;\">Grund f\u00fcr die R\u00fcckerstattungsanfrage<\/font><\/font><\/li>\n<\/ul>\n<p><font style=\"vertical-align: inherit;\"><font style=\"vertical-align: inherit;\">&zwj;<\/font><\/font><\/p>\n<h3><strong><font style=\"vertical-align: inherit;\"><\/font><\/strong><font style=\"vertical-align: inherit;\"><font style=\"vertical-align: inherit;\">R\u00fcckerstattungsprozess<\/font><\/font><\/h3>\n<p><font style=\"vertical-align: inherit;\"><font style=\"vertical-align: inherit;\">&zwj;<\/font><\/font><\/p>\n<p class=\"gray-text\"><font style=\"vertical-align: inherit;\"><font style=\"vertical-align: inherit;\">Nach Erhalt einer g\u00fcltigen R\u00fcckerstattungsanforderung bearbeiten wir die R\u00fcckerstattung innerhalb von 2 Werktagen. Die R\u00fcckerstattung erfolgt mit derselben Zahlungsmethode, die f\u00fcr den urspr\u00fcnglichen Kauf verwendet wurde. Bitte beachten Sie, dass es je nach den Richtlinien Ihres Zahlungsanbieters einige Zeit dauern kann, bis der erstattete Betrag auf Ihrem Konto erscheint.<\/font><\/font><\/p>\n<p><font style=\"vertical-align: inherit;\"><font style=\"vertical-align: inherit;\">&zwj;<\/font><\/font><\/p>\n<h3><strong><font style=\"vertical-align: inherit;\"><font style=\"vertical-align: inherit;\">R\u00fcckerstattungsbetrag<\/font><\/font><\/strong><\/h3>\n<p><font style=\"vertical-align: inherit;\"><font style=\"vertical-align: inherit;\">&zwj;<\/font><\/font><\/p>\n<p class=\"gray-text\"><font style=\"vertical-align: inherit;\"><font style=\"vertical-align: inherit;\">Der erstattete Betrag entspricht den Gesamtkosten der Dienste, wie im urspr\u00fcnglichen Kauf angegeben, abz\u00fcglich aller anfallenden Geb\u00fchren oder Kosten. Wenn beim urspr\u00fcnglichen Kauf Rabatte oder Sonderangebote angewendet wurden, entspricht der Erstattungsbetrag dem erm\u00e4\u00dfigten Preis.<\/font><\/font><\/p>\n<p><font style=\"vertical-align: inherit;\"><font style=\"vertical-align: inherit;\">&zwj;<\/font><\/font><\/p>\n<h3><strong><font style=\"vertical-align: inherit;\"><font style=\"vertical-align: inherit;\">Kontaktinformationen<\/font><\/font><\/strong><\/h3>\n<p><font style=\"vertical-align: inherit;\"><font style=\"vertical-align: inherit;\">&zwj;<\/font><\/font><\/p>\n<p class=\"gray-text\"><font style=\"vertical-align: inherit;\"><font style=\"vertical-align: inherit;\">Wenn Sie Fragen haben oder weitere Unterst\u00fctzung bez\u00fcglich unserer R\u00fcckerstattungsrichtlinie ben\u00f6tigen, wenden Sie sich bitte an unser Kundensupportteam unter support@FundedTop.com.<\/font><\/font><\/p>\n<p><font style=\"vertical-align: inherit;\"><font style=\"vertical-align: inherit;\">&zwj;<\/font><\/font><\/p>\n<p class=\"gray-text\"><font style=\"vertical-align: inherit;\"><font style=\"vertical-align: inherit;\">Mit dem Kauf der FundedTop Trading Evaluation-Dienste erkl\u00e4ren Sie sich damit einverstanden, diese R\u00fcckerstattungsrichtlinie einzuhalten und an sie gebunden zu sein.<\/font><\/font><\/p>\n<p><font style=\"vertical-align: inherit;\"><font style=\"vertical-align: inherit;\">UNTERNEHMEN<\/font><\/font><strong><font style=\"vertical-align: inherit;\"><font style=\"vertical-align: inherit;\"> : Evaluation Marketing LTD<\/font><\/font><\/strong><\/p>\n<p><strong><font style=\"vertical-align: inherit;\"><font style=\"vertical-align: inherit;\">ADRESSE: Wenlock Road 20, London, N1 7GU, GB-ENG&nbsp;<\/font><\/font><\/strong><\/p>\n<p><strong><font style=\"vertical-align: inherit;\"><font style=\"vertical-align: inherit;\">WEBSITE:&nbsp; <\/font><\/font><\/strong><a href=\"https:\/\/FundedTop.com\/\"><strong><font style=\"vertical-align: inherit;\"><font style=\"vertical-align: inherit;\">https:\/\/FundedTop.com\/<\/font><\/font><\/strong><\/a><strong><font style=\"vertical-align: inherit;\"><font style=\"vertical-align: inherit;\"> ,&nbsp;<\/font><\/font><\/strong> <\/p>\n<p><strong><font style=\"vertical-align: inherit;\"><font style=\"vertical-align: inherit;\">E-MAIL support@FundedTop.com<\/font><\/font><\/strong><\/p>\n<\/section>\n","protected":false},"excerpt":{"rendered":"<p>R\u00fcckerstattungsrichtlinie von FundedTop Stornierungsfrist Der Nutzer hat das Recht, die bestellten Dienste, insbesondere die \u201eFundedTop Trading Evaluation\u201c, innerhalb von 14 Tagen nach dem Erwerb der Dienste zu widerrufen. Diese Widerrufsfrist beginnt mit dem Kaufdatum und endet am 14. Tag nach dem Kaufdatum. &zwj; Anspruch auf R\u00fcckerstattung Um w\u00e4hrend der 14-t\u00e4gigen Widerrufsfrist Anspruch auf eine R\u00fcckerstattung [&hellip;]<\/p>\n","protected":false},"author":1,"featured_media":0,"parent":0,"menu_order":0,"comment_status":"closed","ping_status":"closed","template":"","meta":{"footnotes":""},"class_list":["post-356","page","type-page","status-publish","hentry"],"_links":{"self":[{"href":"https:\/\/fundedtop.com\/de\/wp-json\/wp\/v2\/pages\/356","targetHints":{"allow":["GET"]}}],"collection":[{"href":"https:\/\/fundedtop.com\/de\/wp-json\/wp\/v2\/pages"}],"about":[{"href":"https:\/\/fundedtop.com\/de\/wp-json\/wp\/v2\/types\/page"}],"author":[{"embeddable":true,"href":"https:\/\/fundedtop.com\/de\/wp-json\/wp\/v2\/users\/1"}],"replies":[{"embeddable":true,"href":"https:\/\/fundedtop.com\/de\/wp-json\/wp\/v2\/comments?post=356"}],"version-history":[{"count":3,"href":"https:\/\/fundedtop.com\/de\/wp-json\/wp\/v2\/pages\/356\/revisions"}],"predecessor-version":[{"id":585,"href":"https:\/\/fundedtop.com\/de\/wp-json\/wp\/v2\/pages\/356\/revisions\/585"}],"wp:attachment":[{"href":"https:\/\/fundedtop.com\/de\/wp-json\/wp\/v2\/media?parent=356"}],"curies":[{"name":"wp","href":"https:\/\/api.w.org\/{rel}","templated":true}]}}