{"id":349,"date":"2024-04-29T08:03:26","date_gmt":"2024-04-29T08:03:26","guid":{"rendered":"http:\/\/fundedtop.loc\/?page_id=349"},"modified":"2024-06-25T12:37:41","modified_gmt":"2024-06-25T12:37:41","slug":"affiliate-program","status":"publish","type":"page","link":"https:\/\/fundedtop.com\/de\/affiliate-program\/","title":{"rendered":"Partnerprogramm"},"content":{"rendered":"<section class=\"container py-5\" style=\"margin-top:30px\">\n<h1 class=\"text-center fs-48\" style=\"margin-bottom: 40px;\">\n                    FundedTop Konditionen<br \/>\n                <\/h1>\n\n\n<p><strong>Geschlossene Plattform und Zulassungskriterien<\/strong><\/p>\n\n\n\n<ul class=\"wp-block-list\">\n<li class=\"gray-text\">Das FundedTop-Partnerprogramm ist eine geschlossene Plattform, was bedeutet, dass wir selektiv Partner zulassen, um sicherzustellen, dass nur die Besten der Besten unsere Marke vertreten. Voraussetzung f\u00fcr die Zulassung ist die Erf\u00fcllung unserer strengen Kriterien, die unter anderem folgende Punkte umfassen Vorlage eines g\u00fcltigen Ausweises: Die Antragsteller m\u00fcssen im Rahmen des Antragsverfahrens korrekte und g\u00fcltige Ausweisdokumente vorlegen.<\/li>\n<\/ul>\n\n\n\n<ul class=\"wp-block-list\">\n<li class=\"gray-text\">Ausreichende Pr\u00e4senz in den sozialen Medien: Die Bewerber sollten \u00fcber eine starke und aktive Pr\u00e4senz auf Social-Media-Plattformen verf\u00fcgen, was auf ihren Einfluss und ihre Reichweite schlie\u00dfen l\u00e4sst.<\/li>\n<\/ul>\n\n\n\n<ul class=\"wp-block-list\">\n<li class=\"gray-text\">Einreichung authentischer Inhalte: Wenn im Rahmen des Bewerbungsverfahrens Videos oder andere Inhalte eingereicht werden m\u00fcssen, muss dieses Material authentisch sein und die Werbem\u00f6glichkeiten des Bewerbers genau darstellen.<\/li>\n<\/ul>\n\n\n\n<ul class=\"wp-block-list\">\n<li class=\"gray-text\">Beispiel: Ein Antragsteller, der einen abgelaufenen Ausweis vorlegt, eine minimale oder inaktive Pr\u00e4senz in den sozialen Medien besitzt oder ein irref\u00fchrendes Video \u00fcber seine Marketingstrategien bereitstellt, kann dazu f\u00fchren, dass der Antrag abgelehnt wird. Die Nichteinhaltung dieser Kriterien kann dazu f\u00fchren, dass der Antrag nicht genehmigt wird. FundedTop beh\u00e4lt sich das Recht vor, jede Bewerbung abzulehnen, die nicht unseren Anforderungen an Authentizit\u00e4t, Einfluss und dem Potenzial, die Marke FundedTop positiv zu repr\u00e4sentieren und zu f\u00f6rdern, entspricht.<\/li>\n<\/ul>\n\n\n\n<p class=\"gray-text\">Beispiel: Ein Antragsteller, der einen abgelaufenen Ausweis vorlegt, eine minimale oder inaktive Pr\u00e4senz in den sozialen Medien besitzt oder ein irref\u00fchrendes Video \u00fcber seine Marketingstrategien bereitstellt, kann dazu f\u00fchren, dass der Antrag abgelehnt wird.<\/p>\n\n\n\n<p><strong>Allgemeine Einhaltung und Verfolgung<\/strong><\/p>\n\n\n\n<ul class=\"wp-block-list\">\n<li class=\"gray-text\">Affiliate-Link und Cookie-Tracking Affiliates m\u00fcssen den in ihrem FundedTop Affiliate Dashboard angegebenen Affiliate-Link f\u00fcr das Tracking von Referrals verwenden. Jeder eindeutige Affiliate-Link hat einen 90-t\u00e4gigen Cookie-Tracking-Zeitraum. Empfehlungen m\u00fcssen innerhalb dieses Zeitraums erfolgen, um f\u00fcr eine Provision in Frage zu kommen. <br>\nBeispiel: Wenn ein potenzieller Trader am 1. Januar auf den Link eines Partners klickt, wird jeder Kauf, den dieser Trader bis zum 1. April t\u00e4tigt, f\u00fcr die Provision des Partners angerechnet, vorausgesetzt, dass kein Cookie gel\u00f6scht wird.<\/li>\n<\/ul>\n\n\n\n<ul class=\"wp-block-list\">\n<li class=\"gray-text\">Selbstk\u00e4ufe von Affiliates Affiliates d\u00fcrfen FundedTop-Produkte \u00fcber ihre eigenen Affiliate-Links kaufen; f\u00fcr solche K\u00e4ufe werden jedoch keine Provisionen gew\u00e4hrt.<br>\n Beispiel: Ein Partner verwendet seinen eigenen Link, um einen FundedTop-Plan zu kaufen. Der Kauf ist erlaubt, aber die Provision f\u00fcr diese Aktion wird nicht gutgeschrieben.<\/li>\n<\/ul>\n\n\n\n<ul class=\"wp-block-list\">\n<li class=\"gray-text\">Mehrfache Anmeldungen und Empfehlungsprovisionen H\u00e4ndler k\u00f6nnen sich mehrfach \u00fcber verschiedene Empfehlungslinks anmelden; Empfehlungsprovisionen werden jedoch nicht f\u00fcr wiederkehrende K\u00e4ufe desselben H\u00e4ndlers generiert.<br>\n Beispiel: Ein Trader meldet sich zun\u00e4chst \u00fcber den Link eines Partners an und t\u00e4tigt sp\u00e4ter einen weiteren Kauf \u00fcber den Link eines anderen Partners. Obwohl beide Anmeldungen erlaubt sind, qualifiziert sich nur der erste Kauf f\u00fcr eine Provision.<\/li>\n<\/ul>\n\n\n\n<p><strong>Provisionsstruktur und Zahlungen<\/strong><\/p>\n\n\n\n<ul class=\"wp-block-list\">\n<li class=\"gray-text\">Provisionen f\u00fcr den ersten Kauf Nur Affiliates erhalten eine Provision f\u00fcr den ersten Kauf, den ein geworbener Trader t\u00e4tigt. Kontoaufstockungen und -r\u00fccksetzungen sind nicht f\u00fcr zus\u00e4tzliche Provisionen qualifiziert.<br>\nBeispiel: Wenn ein H\u00e4ndler zun\u00e4chst einen $100-Plan erwirbt und sp\u00e4ter ein Upgrade auf einen $200-Plan vornimmt, erh\u00e4lt der Partner nur f\u00fcr den ersten Kauf eine Provision.<\/li>\n<\/ul>\n\n\n\n<ul class=\"wp-block-list\">\n<li class=\"gray-text\">Stufenbasierte Provisionss\u00e4tze Die Provisionss\u00e4tze sind stufenbasiert: Rising Star Affiliates erhalten 12%, w\u00e4hrend Pro und Champions Affiliates 15% Provision auf alle qualifizierten Paketk\u00e4ufe erhalten.<br>\nBeispiel: Ein Rising Star-Partner, der einen Kauf im Wert von $1000 vermittelt, erh\u00e4lt $120, w\u00e4hrend ein Pro-Partner f\u00fcr dieselbe Vermittlung $150 erh\u00e4lt.<\/li>\n<\/ul>\n\n\n\n<ul class=\"wp-block-list\">\n<li class=\"gray-text\">F\u00e4lligkeit und Zahlung von Provisionen Eine Provision f\u00fcr einen Partner wird 7 Tage nach dem Kaufdatum\/-zeitpunkt f\u00e4llig und dem R\u00fcckerstattungszyklus folgend dem Dashboard des Partners hinzugef\u00fcgt. W\u00e4hrend dieses Zeitraums bleibt die Provision in der Schwebe.<br>\nBeispiel: Bei einem Kauf, der am 1. Januar get\u00e4tigt wurde, wird die Provision am 8. Januar f\u00e4llig und auf dem Dashboard des Partners angezeigt, vorausgesetzt, es wird keine R\u00fcckerstattung vorgenommen.<\/li>\n<\/ul>\n\n\n\n<p><strong>Marketing- und Werbema\u00dfnahmen<\/strong><\/p>\n\n\n\n<ul class=\"wp-block-list\">\n<li class=\"gray-text\">Verbot von PPC-Werbung mit &#8222;FundedTop&#8220; Die Verwendung von Pay-Per-Click (PPC)-Werbung oder Keyword-Bidding auf &#8222;FundedTop&#8220; oder jegliche Variationen des Markennamens, insbesondere die Verwendung des Partner-Links in Google und anderen Suchmaschinen oder sozialen Medien, ist strengstens verboten.<\/li>\n<\/ul>\n\n\n\n<ul class=\"wp-block-list\">\n<li class=\"gray-text\">Beispiel: Ein Partner, der eine Google Ads-Kampagne mit dem Keyword &#8222;FundedTop&#8220; mit seinem Partnerlink erstellt, verst\u00f6\u00dft gegen diese Bedingungen. Verwendung des Partner-Links f\u00fcr Empfehlungen, die aus der Verwendung des Gutscheincodes eines Partners ohne den Partner-Link resultieren, sind nicht provisionsberechtigt. Partner, die Probleme mit dem Tracking haben, sollten sich per E-Mail an uns wenden, um Unterst\u00fctzung zu erhalten. Das manuelle Hinzuf\u00fcgen von Empfehlungen auf Anfrage ist nicht gestattet.<\/li>\n<\/ul>\n\n\n\n<p class=\"gray-text\">Beispiel: Ein Kunde verwendet den Rabattcode eines Partners, klickt aber nicht auf den Partnerlink. Der Partner sollte das Problem per E-Mail melden, aber der Verweis kann nicht manuell f\u00fcr die Provision hinzugef\u00fcgt werden.<\/p>\n\n\n\n<p><strong>Erstattungen und Rechtsstreitigkeiten<\/strong><\/p>\n\n\n\n<ul class=\"wp-block-list\">\n<li class=\"gray-text\">R\u00fcckerstattungs- und Streitbeilegungspolitik. Wenn ein Verkauf zu einem R\u00fcckerstattungsantrag f\u00fchrt, der von FundedTop innerhalb der 7-t\u00e4gigen R\u00fcckerstattungs-\/Streitbeilegungspolitik genehmigt wird, wird die diesem Verkauf zugewiesene Provision vom Guthaben des Partners abgezogen.<br>\nBeispiel: Wenn ein H\u00e4ndler innerhalb von 7 Tagen nach dem Kauf eine R\u00fcckerstattung beantragt und bewilligt bekommt, wird die verdiente Provision des Partners f\u00fcr diesen Verkauf r\u00fcckg\u00e4ngig gemacht.<\/li>\n<\/ul>\n\n\n\n<p><strong>Programmintegrit\u00e4t und Sicherheit<\/strong><\/p>\n\n\n\n<ul class=\"wp-block-list\">\n<li class=\"gray-text\">\u00dcberwachung und Betrugspr\u00e4vention FundedTop beh\u00e4lt sich das Recht vor, Verk\u00e4ufe von Partnern auf ihre Rechtm\u00e4\u00dfigkeit zu \u00fcberpr\u00fcfen und Zahlungen f\u00fcr Verk\u00e4ufe, die als betr\u00fcgerisch oder als Versto\u00df gegen diese Bedingungen angesehen werden, zur\u00fcckzuhalten.<br>\nBeispiel: Wenn sich herausstellt, dass ein Partner betr\u00fcgerische Praktiken verwendet hat, um Empfehlungen zu generieren, wie z.B. Bots oder gef\u00e4lschte Anmeldungen, werden die Provisionen f\u00fcr diese Empfehlungen nicht ausgezahlt.<\/li>\n<\/ul>\n\n\n\n<ul class=\"wp-block-list\">\n<li class=\"gray-text\">\u00c4nderung der Bedingungen FundedTop beh\u00e4lt sich das Recht vor, diese Bedingungen jederzeit zu \u00e4ndern. Die Partner werden \u00fcber wesentliche \u00c4nderungen benachrichtigt, aber es liegt in der Verantwortung des Partners, die Bedingungen regelm\u00e4\u00dfig zu \u00fcberpr\u00fcfen.<br>\nBeispiel: \u00c4nderungen an der Provisionsstruktur werden per E-Mail kommuniziert und im Partner-Dashboard aktualisiert.<\/li>\n<\/ul>\n\n\n\n<p><strong>Beendigung und Vollstreckung<\/strong><\/p>\n\n\n\n<ul class=\"wp-block-list\">\n<li class=\"gray-text\">Verst\u00f6\u00dfe gegen die Bedingungen Verst\u00f6\u00dfe gegen diese Bedingungen k\u00f6nnen dazu f\u00fchren, dass Zahlungen einbehalten, Konten gesperrt oder die Partnervereinbarung gek\u00fcndigt werden. FundedTop beh\u00e4lt sich das Recht vor, rechtliche Schritte gegen Partner einzuleiten, die sich an betr\u00fcgerischen Aktivit\u00e4ten beteiligen.<\/li>\n<\/ul>\n\n\n\n<p class=\"gray-text\">Beispiel: Ein Partner, der gegen die PPC-Werbebeschr\u00e4nkung verst\u00f6\u00dft, kann sein Partnerkonto sperren lassen und ausstehende Provisionen werden unwiderruflich einbehalten.<\/p>\n\n\n<p class=\"gray-text\">Im Falle eines Widerspruchs zwischen der Englischen und deutschen Version, beruhen sie auf der englischen Originalversion. <\/p>\n\n\n<\/section>\n","protected":false},"excerpt":{"rendered":"<p>FundedTop Konditionen Geschlossene Plattform und Zulassungskriterien Beispiel: Ein Antragsteller, der einen abgelaufenen Ausweis vorlegt, eine minimale oder inaktive Pr\u00e4senz in den sozialen Medien besitzt oder ein irref\u00fchrendes Video \u00fcber seine Marketingstrategien bereitstellt, kann dazu f\u00fchren, dass der Antrag abgelehnt wird. Allgemeine Einhaltung und Verfolgung Provisionsstruktur und Zahlungen Marketing- und Werbema\u00dfnahmen Beispiel: Ein Kunde verwendet den [&hellip;]<\/p>\n","protected":false},"author":1,"featured_media":0,"parent":0,"menu_order":0,"comment_status":"closed","ping_status":"closed","template":"","meta":{"footnotes":""},"class_list":["post-349","page","type-page","status-publish","hentry"],"_links":{"self":[{"href":"https:\/\/fundedtop.com\/de\/wp-json\/wp\/v2\/pages\/349","targetHints":{"allow":["GET"]}}],"collection":[{"href":"https:\/\/fundedtop.com\/de\/wp-json\/wp\/v2\/pages"}],"about":[{"href":"https:\/\/fundedtop.com\/de\/wp-json\/wp\/v2\/types\/page"}],"author":[{"embeddable":true,"href":"https:\/\/fundedtop.com\/de\/wp-json\/wp\/v2\/users\/1"}],"replies":[{"embeddable":true,"href":"https:\/\/fundedtop.com\/de\/wp-json\/wp\/v2\/comments?post=349"}],"version-history":[{"count":10,"href":"https:\/\/fundedtop.com\/de\/wp-json\/wp\/v2\/pages\/349\/revisions"}],"predecessor-version":[{"id":524,"href":"https:\/\/fundedtop.com\/de\/wp-json\/wp\/v2\/pages\/349\/revisions\/524"}],"wp:attachment":[{"href":"https:\/\/fundedtop.com\/de\/wp-json\/wp\/v2\/media?parent=349"}],"curies":[{"name":"wp","href":"https:\/\/api.w.org\/{rel}","templated":true}]}}